{"id":1365,"date":"2017-08-01T12:08:43","date_gmt":"2017-08-01T12:08:43","guid":{"rendered":"https:\/\/www.lukashotary.sk\/?page_id=1365"},"modified":"2021-05-03T08:04:18","modified_gmt":"2021-05-03T08:04:18","slug":"contact","status":"publish","type":"page","link":"https:\/\/www.zipsernet.sk\/?page_id=1365","title":{"rendered":"Contact"},"content":{"rendered":"\t\t<div data-elementor-type=\"wp-post\" data-elementor-id=\"1365\" class=\"elementor elementor-1365\" data-elementor-settings=\"[]\">\n\t\t\t\t\t\t\t<div class=\"elementor-section-wrap\">\n\t\t\t\t\t\t\t<section class=\"elementor-section elementor-top-section elementor-element elementor-element-6a9739d animated-slow elementor-section-boxed elementor-section-height-default elementor-section-height-default elementor-invisible\" data-id=\"6a9739d\" data-element_type=\"section\" data-settings=\"{&quot;background_background&quot;:&quot;classic&quot;,&quot;animation&quot;:&quot;fadeIn&quot;}\">\n\t\t\t\t\t\t\t<div class=\"elementor-background-overlay\"><\/div>\n\t\t\t\t\t\t\t<div class=\"elementor-container elementor-column-gap-default\">\n\t\t\t\t\t<div class=\"elementor-column elementor-col-100 elementor-top-column elementor-element elementor-element-ff78751\" data-id=\"ff78751\" data-element_type=\"column\">\n\t\t\t<div class=\"elementor-widget-wrap elementor-element-populated\">\n\t\t\t\t\t\t\t\t<div class=\"elementor-element elementor-element-qdpvsgu elementor-widget elementor-widget-heading\" data-id=\"qdpvsgu\" data-element_type=\"widget\" data-widget_type=\"heading.default\">\n\t\t\t\t<div class=\"elementor-widget-container\">\n\t\t\t<h1 class=\"elementor-heading-title elementor-size-default\">Kontaktujte n\u00e1s<\/h1>\t\t<\/div>\n\t\t\t\t<\/div>\n\t\t\t\t\t<\/div>\n\t\t<\/div>\n\t\t\t\t\t\t\t<\/div>\n\t\t<\/section>\n\t\t\t\t<section class=\"elementor-section elementor-top-section elementor-element elementor-element-okv4m75 elementor-section-stretched elementor-section-content-top elementor-section-boxed elementor-section-height-default elementor-section-height-default\" data-id=\"okv4m75\" data-element_type=\"section\" data-settings=\"{&quot;stretch_section&quot;:&quot;section-stretched&quot;}\">\n\t\t\t\t\t\t<div class=\"elementor-container elementor-column-gap-wider\">\n\t\t\t\t\t<div class=\"elementor-column elementor-col-100 elementor-top-column elementor-element elementor-element-03e3a8a animated-slow elementor-invisible\" data-id=\"03e3a8a\" data-element_type=\"column\" data-settings=\"{&quot;animation&quot;:&quot;fadeIn&quot;}\">\n\t\t\t<div class=\"elementor-widget-wrap elementor-element-populated\">\n\t\t\t\t\t\t\t\t<section class=\"elementor-section elementor-inner-section elementor-element elementor-element-014f074 elementor-section-boxed elementor-section-height-default elementor-section-height-default\" data-id=\"014f074\" data-element_type=\"section\">\n\t\t\t\t\t\t<div class=\"elementor-container elementor-column-gap-default\">\n\t\t\t\t\t<div class=\"elementor-column elementor-col-50 elementor-inner-column elementor-element elementor-element-b991598\" data-id=\"b991598\" data-element_type=\"column\">\n\t\t\t<div class=\"elementor-widget-wrap elementor-element-populated\">\n\t\t\t\t\t\t\t\t<div class=\"elementor-element elementor-element-271a6cb elementor-widget elementor-widget-heading\" data-id=\"271a6cb\" data-element_type=\"widget\" data-widget_type=\"heading.default\">\n\t\t\t\t<div class=\"elementor-widget-container\">\n\t\t\t<h2 class=\"elementor-heading-title elementor-size-default\"><span style=\"font-size: 29px;\">Adresa firmy :  <\/span><\/h2>\t\t<\/div>\n\t\t\t\t<\/div>\n\t\t\t\t\t<\/div>\n\t\t<\/div>\n\t\t\t\t<div class=\"elementor-column elementor-col-50 elementor-inner-column elementor-element elementor-element-c647b4f\" data-id=\"c647b4f\" data-element_type=\"column\">\n\t\t\t<div class=\"elementor-widget-wrap elementor-element-populated\">\n\t\t\t\t\t\t\t\t<div class=\"elementor-element elementor-element-1f1657f elementor-widget elementor-widget-heading\" data-id=\"1f1657f\" data-element_type=\"widget\" data-widget_type=\"heading.default\">\n\t\t\t\t<div class=\"elementor-widget-container\">\n\t\t\t<h2 class=\"elementor-heading-title elementor-size-default\"><span style=\"font-size: 29px;\">Otv\u00e1racie hodiny :  <\/span><\/h2>\t\t<\/div>\n\t\t\t\t<\/div>\n\t\t\t\t\t<\/div>\n\t\t<\/div>\n\t\t\t\t\t\t\t<\/div>\n\t\t<\/section>\n\t\t\t\t<section class=\"elementor-section elementor-inner-section elementor-element elementor-element-6d6ea9e elementor-section-boxed elementor-section-height-default elementor-section-height-default\" data-id=\"6d6ea9e\" data-element_type=\"section\">\n\t\t\t\t\t\t<div class=\"elementor-container elementor-column-gap-default\">\n\t\t\t\t\t<div class=\"elementor-column elementor-col-50 elementor-inner-column elementor-element elementor-element-a300869\" data-id=\"a300869\" data-element_type=\"column\">\n\t\t\t<div class=\"elementor-widget-wrap elementor-element-populated\">\n\t\t\t\t\t\t\t\t<div class=\"elementor-element elementor-element-8fb55d1 elementor-widget elementor-widget-text-editor\" data-id=\"8fb55d1\" data-element_type=\"widget\" data-widget_type=\"text-editor.default\">\n\t\t\t\t<div class=\"elementor-widget-container\">\n\t\t\t\t\t\t\t\t<p>ZipserNet s.r.o.<br \/>Letn\u00e1 2580\/18<br \/>Spi\u0161sk\u00e1 Bel\u00e1 059 01<br \/>Slovakia<\/p><p><strong>Konate\u013e:<\/strong> Ing. Luk\u00e1\u0161 Hot\u00e1ry<br \/><strong>Tel:<\/strong> 0903 236 244<br \/><strong>Mail: <a href=\"mailto:lukas.hotary@zipsernet.sk\" target=\"_blank\" rel=\"noopener\"><span class=\"il\">lukas.hotary@zipsernet.sk<\/span><\/a><\/strong><br \/><br \/><\/p><p>\u00a0<\/p><p>\u00a0<\/p>\t\t\t\t\t\t<\/div>\n\t\t\t\t<\/div>\n\t\t\t\t\t<\/div>\n\t\t<\/div>\n\t\t\t\t<div class=\"elementor-column elementor-col-50 elementor-inner-column elementor-element elementor-element-a0a7ded\" data-id=\"a0a7ded\" data-element_type=\"column\">\n\t\t\t<div class=\"elementor-widget-wrap elementor-element-populated\">\n\t\t\t\t\t\t\t\t<div class=\"elementor-element elementor-element-264b761 elementor-widget elementor-widget-text-editor\" data-id=\"264b761\" data-element_type=\"widget\" data-widget_type=\"text-editor.default\">\n\t\t\t\t<div class=\"elementor-widget-container\">\n\t\t\t\t\t\t\t\t<ul><li>Pondelok &#8211; Piatok<\/li><li>07:00-17:00<\/li><li>Sobota<\/li><li>08:00-12:00<\/li><\/ul>\t\t\t\t\t\t<\/div>\n\t\t\t\t<\/div>\n\t\t\t\t\t<\/div>\n\t\t<\/div>\n\t\t\t\t\t\t\t<\/div>\n\t\t<\/section>\n\t\t\t\t<div class=\"elementor-element elementor-element-afae0ac elementor-widget elementor-widget-text-editor\" data-id=\"afae0ac\" data-element_type=\"widget\" data-widget_type=\"text-editor.default\">\n\t\t\t\t<div class=\"elementor-widget-container\">\n\t\t\t\t\t\t\t\t<h3 class=\"do-footer-widget-header\">Faktura\u010dn\u00e1 adresa :<\/h3><ul><li>ZipserNet s.r.o.<\/li><li>Z\u00e1hradn\u00e1 533\/22<\/li><li>Spi\u0161sk\u00e1 Bel\u00e1 059 01, Slovakia<\/li><li>I\u010cO: 46019537<\/li><li>DI\u010c: 2023188189<\/li><li>I\u010c DPH: SK 2023188189<\/li><li><strong>Bankov\u00e9 spojenie:<\/strong><div><span style=\"font-size: small;\"><strong>TATRA BANKA:<\/strong> IBAN: <strong>SK72 1100 0000 0029 4808 6258<\/strong><\/span><\/div><p><span style=\"font-size: small;\">SWIFT: <strong>TATRSKBX <\/strong><\/span><\/p><\/li><\/ul>\t\t\t\t\t\t<\/div>\n\t\t\t\t<\/div>\n\t\t\t\t\t<\/div>\n\t\t<\/div>\n\t\t\t\t\t\t\t<\/div>\n\t\t<\/section>\n\t\t\t\t\t\t<\/div>\n\t\t\t\t\t<\/div>\n\t\t","protected":false},"excerpt":{"rendered":"<p>Kontaktujte n\u00e1s Adresa firmy : Otv\u00e1racie hodiny : ZipserNet s.r.o.Letn\u00e1 2580\/18Spi\u0161sk\u00e1 Bel\u00e1 059 01Slovakia Konate\u013e: Ing. Luk\u00e1\u0161 Hot\u00e1ryTel: 0903 236 244Mail: lukas.hotary@zipsernet.sk \u00a0 \u00a0 Pondelok &#8211; Piatok 07:00-17:00 Sobota 08:00-12:00 Faktura\u010dn\u00e1 adresa : ZipserNet s.r.o. Z\u00e1hradn\u00e1 533\/22 Spi\u0161sk\u00e1 Bel\u00e1 059 01, Slovakia I\u010cO: 46019537 DI\u010c: 2023188189 I\u010c DPH: SK 2023188189 Bankov\u00e9 spojenie:TATRA BANKA: IBAN: SK72 &hellip;<\/p>\n<p class=\"read-more\"> <a class=\"\" href=\"https:\/\/www.zipsernet.sk\/?page_id=1365\"> <span class=\"screen-reader-text\">Contact<\/span> \u010c\u00edtajte viac &raquo;<\/a><\/p>\n","protected":false},"author":1,"featured_media":0,"parent":0,"menu_order":0,"comment_status":"closed","ping_status":"closed","template":"","meta":[],"_links":{"self":[{"href":"https:\/\/www.zipsernet.sk\/index.php?rest_route=\/wp\/v2\/pages\/1365"}],"collection":[{"href":"https:\/\/www.zipsernet.sk\/index.php?rest_route=\/wp\/v2\/pages"}],"about":[{"href":"https:\/\/www.zipsernet.sk\/index.php?rest_route=\/wp\/v2\/types\/page"}],"author":[{"embeddable":true,"href":"https:\/\/www.zipsernet.sk\/index.php?rest_route=\/wp\/v2\/users\/1"}],"replies":[{"embeddable":true,"href":"https:\/\/www.zipsernet.sk\/index.php?rest_route=%2Fwp%2Fv2%2Fcomments&post=1365"}],"version-history":[{"count":48,"href":"https:\/\/www.zipsernet.sk\/index.php?rest_route=\/wp\/v2\/pages\/1365\/revisions"}],"predecessor-version":[{"id":2310,"href":"https:\/\/www.zipsernet.sk\/index.php?rest_route=\/wp\/v2\/pages\/1365\/revisions\/2310"}],"wp:attachment":[{"href":"https:\/\/www.zipsernet.sk\/index.php?rest_route=%2Fwp%2Fv2%2Fmedia&parent=1365"}],"curies":[{"name":"wp","href":"https:\/\/api.w.org\/{rel}","templated":true}]}}