{"id":1364,"date":"2017-08-01T12:08:33","date_gmt":"2017-08-01T12:08:33","guid":{"rendered":"https:\/\/www.lukashotary.sk\/?page_id=1364"},"modified":"2021-05-03T11:08:29","modified_gmt":"2021-05-03T11:08:29","slug":"faq","status":"publish","type":"page","link":"https:\/\/www.zipsernet.sk\/?page_id=1364","title":{"rendered":"FAQ"},"content":{"rendered":"\t\t<div data-elementor-type=\"wp-post\" data-elementor-id=\"1364\" class=\"elementor elementor-1364\" data-elementor-settings=\"[]\">\n\t\t\t\t\t\t\t<div class=\"elementor-section-wrap\">\n\t\t\t\t\t\t\t<section class=\"elementor-section elementor-top-section elementor-element elementor-element-e2708a4 animated-slow elementor-section-boxed elementor-section-height-default elementor-section-height-default elementor-invisible\" data-id=\"e2708a4\" data-element_type=\"section\" data-settings=\"{&quot;background_background&quot;:&quot;classic&quot;,&quot;animation&quot;:&quot;fadeIn&quot;}\">\n\t\t\t\t\t\t\t<div class=\"elementor-background-overlay\"><\/div>\n\t\t\t\t\t\t\t<div class=\"elementor-container elementor-column-gap-default\">\n\t\t\t\t\t<div class=\"elementor-column elementor-col-100 elementor-top-column elementor-element elementor-element-bdfef1a\" data-id=\"bdfef1a\" data-element_type=\"column\">\n\t\t\t<div class=\"elementor-widget-wrap elementor-element-populated\">\n\t\t\t\t\t\t\t\t<div class=\"elementor-element elementor-element-yrdtibv elementor-widget elementor-widget-heading\" data-id=\"yrdtibv\" data-element_type=\"widget\" data-widget_type=\"heading.default\">\n\t\t\t\t<div class=\"elementor-widget-container\">\n\t\t\t<h1 class=\"elementor-heading-title elementor-size-default\">Elektroin\u0161tala\u010dn\u00fd materi\u00e1l<\/h1>\t\t<\/div>\n\t\t\t\t<\/div>\n\t\t\t\t\t<\/div>\n\t\t<\/div>\n\t\t\t\t\t\t\t<\/div>\n\t\t<\/section>\n\t\t\t\t<section class=\"elementor-section elementor-top-section elementor-element elementor-element-kek3j0k elementor-section-stretched elementor-section-boxed elementor-section-height-default elementor-section-height-default\" data-id=\"kek3j0k\" data-element_type=\"section\" data-settings=\"{&quot;stretch_section&quot;:&quot;section-stretched&quot;}\">\n\t\t\t\t\t\t<div class=\"elementor-container elementor-column-gap-default\">\n\t\t\t\t\t<div class=\"elementor-column elementor-col-100 elementor-top-column elementor-element elementor-element-11rso32\" data-id=\"11rso32\" data-element_type=\"column\">\n\t\t\t<div class=\"elementor-widget-wrap elementor-element-populated\">\n\t\t\t\t\t\t\t\t<div class=\"elementor-element elementor-element-zr8ktfv elementor-widget elementor-widget-heading\" data-id=\"zr8ktfv\" data-element_type=\"widget\" data-widget_type=\"heading.default\">\n\t\t\t\t<div class=\"elementor-widget-container\">\n\t\t\t<h3 class=\"elementor-heading-title elementor-size-default\">Pon\u00fakame \u0161irok\u00fd sortiment elektroin\u0161tala\u010dn\u00e9ho materi\u00e1lu <\/h3>\t\t<\/div>\n\t\t\t\t<\/div>\n\t\t\t\t<div class=\"elementor-element elementor-element-ngixo5i elementor-widget elementor-widget-text-editor\" data-id=\"ngixo5i\" data-element_type=\"widget\" data-widget_type=\"text-editor.default\">\n\t\t\t\t<div class=\"elementor-widget-container\">\n\t\t\t\t\t\t\t\t<ul><li style=\"text-align: left;\">elektroin\u0161tala\u010dn\u00e9 k\u00e1ble\u00a0<\/li><li style=\"text-align: left;\">mont\u00e1\u017eny materi\u00e1l \u2013 vr\u00fati , hmo\u017edinky, mont\u00e1\u017ene li\u0161ty, elektroin\u0161tala\u010dn\u00e9 krabi\u010dky , elektro mont\u00e1\u017ene krabice r\u00f4zne ve\u013ekosti.<\/li><li style=\"text-align: left;\">elektroin\u0161tala\u010dn\u00e9 skrine od 4 modulov po 64 modulov , nad omietkov\u00e9 , pod omietkov\u00e9.\u00a0<\/li><li style=\"text-align: left;\">isti\u010de , a pr\u00fadov\u00e9 chr\u00e1ni\u010de zna\u010dky EATON. PCL6 B, C,<\/li><li style=\"text-align: left;\">elektroin\u0161tala\u010dn\u00e9 n\u00e1radie zna\u010dky CIMCO, samozrejme aj hobby n\u00e1radie r\u00f4znych zna\u010diek<\/li><li style=\"text-align: left;\">vyp\u00edna\u010de , z\u00e1suvky zna\u010dke Legrand \u2013 Valena , Niloe , Valena LIFE.<\/li><li style=\"text-align: left;\">Predl\u017eovacie k\u00e1ble r\u00f4znych d\u013a\u017eok , predl\u017eovacie bubny zna\u010dky Brennensthul<\/li><\/ul>\t\t\t\t\t\t<\/div>\n\t\t\t\t<\/div>\n\t\t\t\t<section class=\"elementor-section elementor-inner-section elementor-element elementor-element-njz4f35 elementor-section-content-top elementor-section-boxed elementor-section-height-default elementor-section-height-default\" data-id=\"njz4f35\" data-element_type=\"section\">\n\t\t\t\t\t\t<div class=\"elementor-container elementor-column-gap-default\">\n\t\t\t\t\t<div class=\"elementor-column elementor-col-50 elementor-inner-column elementor-element elementor-element-10o65q3\" data-id=\"10o65q3\" data-element_type=\"column\">\n\t\t\t<div class=\"elementor-widget-wrap\">\n\t\t\t\t\t\t\t\t\t<\/div>\n\t\t<\/div>\n\t\t\t\t<div class=\"elementor-column elementor-col-50 elementor-inner-column elementor-element elementor-element-3lfhf4q\" data-id=\"3lfhf4q\" data-element_type=\"column\">\n\t\t\t<div class=\"elementor-widget-wrap elementor-element-populated\">\n\t\t\t\t\t\t\t\t\t<\/div>\n\t\t<\/div>\n\t\t\t\t\t\t\t<\/div>\n\t\t<\/section>\n\t\t\t\t\t<\/div>\n\t\t<\/div>\n\t\t\t\t\t\t\t<\/div>\n\t\t<\/section>\n\t\t\t\t\t\t<\/div>\n\t\t\t\t\t<\/div>\n\t\t","protected":false},"excerpt":{"rendered":"<p>Elektroin\u0161tala\u010dn\u00fd materi\u00e1l Pon\u00fakame \u0161irok\u00fd sortiment elektroin\u0161tala\u010dn\u00e9ho materi\u00e1lu elektroin\u0161tala\u010dn\u00e9 k\u00e1ble\u00a0 mont\u00e1\u017eny materi\u00e1l \u2013 vr\u00fati , hmo\u017edinky, mont\u00e1\u017ene li\u0161ty, elektroin\u0161tala\u010dn\u00e9 krabi\u010dky , elektro mont\u00e1\u017ene krabice r\u00f4zne ve\u013ekosti. elektroin\u0161tala\u010dn\u00e9 skrine od 4 modulov po 64 modulov , nad omietkov\u00e9 , pod omietkov\u00e9.\u00a0 isti\u010de , a pr\u00fadov\u00e9 chr\u00e1ni\u010de zna\u010dky EATON. PCL6 B, C, elektroin\u0161tala\u010dn\u00e9 n\u00e1radie zna\u010dky CIMCO, samozrejme aj &hellip;<\/p>\n<p class=\"read-more\"> <a class=\"\" href=\"https:\/\/www.zipsernet.sk\/?page_id=1364\"> <span class=\"screen-reader-text\">FAQ<\/span> \u010c\u00edtajte viac &raquo;<\/a><\/p>\n","protected":false},"author":1,"featured_media":0,"parent":0,"menu_order":0,"comment_status":"closed","ping_status":"closed","template":"","meta":[],"_links":{"self":[{"href":"https:\/\/www.zipsernet.sk\/index.php?rest_route=\/wp\/v2\/pages\/1364"}],"collection":[{"href":"https:\/\/www.zipsernet.sk\/index.php?rest_route=\/wp\/v2\/pages"}],"about":[{"href":"https:\/\/www.zipsernet.sk\/index.php?rest_route=\/wp\/v2\/types\/page"}],"author":[{"embeddable":true,"href":"https:\/\/www.zipsernet.sk\/index.php?rest_route=\/wp\/v2\/users\/1"}],"replies":[{"embeddable":true,"href":"https:\/\/www.zipsernet.sk\/index.php?rest_route=%2Fwp%2Fv2%2Fcomments&post=1364"}],"version-history":[{"count":27,"href":"https:\/\/www.zipsernet.sk\/index.php?rest_route=\/wp\/v2\/pages\/1364\/revisions"}],"predecessor-version":[{"id":2329,"href":"https:\/\/www.zipsernet.sk\/index.php?rest_route=\/wp\/v2\/pages\/1364\/revisions\/2329"}],"wp:attachment":[{"href":"https:\/\/www.zipsernet.sk\/index.php?rest_route=%2Fwp%2Fv2%2Fmedia&parent=1364"}],"curies":[{"name":"wp","href":"https:\/\/api.w.org\/{rel}","templated":true}]}}